{"id":4280,"date":"2023-11-11T17:39:32","date_gmt":"2023-11-11T16:39:32","guid":{"rendered":"https:\/\/malinskagreen.com\/privacy-policy\/"},"modified":"2024-02-29T18:49:06","modified_gmt":"2024-02-29T17:49:06","slug":"informativa-sulla-privacy","status":"publish","type":"page","link":"https:\/\/malinskagreen.com\/it\/informativa-sulla-privacy\/","title":{"rendered":"Informativa sulla privacy"},"content":{"rendered":"\n<p><strong>TURISTI\u010cKO NASELJE &#8211; LAVANDE d.o.o.<\/strong> rispetta la Sua privacy e si impegna a proteggere le informazioni personali ottenute attraverso il sistema informativo online. Inoltre, <strong>TURISTI\u010cKO NASELJE &#8211; LAVANDE d.o.o.<\/strong> non condivider\u00e0 tali informazioni con terzi o le utilizzer\u00e0 per altri scopi senza il Suo consenso. Nel nostro sistema informativo online sono forniti alcuni link ad altri siti web esterni, non direttamente collegati alla nostra azienda..<\/p>\n\n\n\n<p><strong>TURISTI\u010cKO NASELJE &#8211; LAVANDE d.o.o.<\/strong> non si assume alcuna responsabilit\u00e0 sulla protezione dei dati presenti su tali siti web.<\/p>\n\n\n\n<p><strong>TURISTI\u010cKO NASELJE &#8211; LAVANDE d.o.o.<\/strong> si impegna a fare tutto il necessario per proteggere i dati e la privacy dei visitatori del sito web dell\u2019<strong>TURISTI\u010cKO NASELJE &#8211; LAVANDE d.o.o.<\/strong> (<a href=\"https:\/\/malinskagreen.com\/\">www.malinskagreen.com<\/a>).<\/p>\n\n\n\n<p>Per impedire l\u2019accesso non autorizzato ai dati ottenuti o la loro divulgazione, per mantenere l\u2019accuratezza dei dati personali e garantirne l\u2019uso appropriato, sono in atto procedure tecniche e organizzative adeguate a proteggere i dati raccolti. Poich\u00e9 Internet pu\u00f2 essere imprevedibile, <strong>TURISTI\u010cKO NASELJE &#8211; LAVANDE d.o.o.<\/strong> \u00a0non pu\u00f2 prevenire possibili abusi delle informazioni nonostante tutte le misure e protocolli di sicurezza di comunicazione intrapresi..<\/p>\n\n\n\n<p>La presente Informativa sulla privacy, nell\u2019ambito della definizione di protezione dei dati personali, si occupa dell\u2019amministrazione, della conservazione e dell\u2019utilizzo dei dati personali raccolti da <strong>TURISTI\u010cKO NASELJE &#8211; LAVANDE d.o.o.<\/strong> durante l\u2019utilizzo del sito web <a href=\"https:\/\/malinskagreen.com\/\">www.malinskagreen.com<\/a> e delle pagine web correlate.<\/p>\n\n\n\n<h3 class=\"wp-block-heading\">Titolare, responsabile e amministratore dei dati personali<\/h3>\n\n\n\n<p>La definizione di \u201ctitolare del sito web\u201d e \u201cresponsabile o amministratore dei dati personali\u201d ai sensi del Regolamento generale sulla protezione dei dati (GDPR) e della legge croata applicabile sulla protezione dei dati \u00e8:<\/p>\n\n\n\n<p>TURISTI\u010cKO NASELJE &#8211; LAVANDE d.o.o.<br>Put Haludova 3<br>51511 Malinska<br>Croazia<\/p>\n\n\n\n<h3 class=\"wp-block-heading\">Utenti e siti web correlatiers and related websites<\/h3>\n\n\n\n<p><strong>Utente<\/strong><\/p>\n\n\n\n<p>L\u2019utente del sito web \u00e8 qualsiasi persona che, in qualit\u00e0 di visitatore, utilizza questo sito web e i relativi siti web di <strong>TURISTI\u010cKO NASELJE &#8211; LAVANDE d.o.o.<\/strong><\/p>\n\n\n\n<p>Sito web dell\u2019TURISTI\u010cKO NASELJE &#8211; LAVANDE d.o.o.<\/p>\n\n\n\n<p>L\u2019utente di <strong>TURISTI\u010cKO NASELJE &#8211; LAVANDE d.o.o. <\/strong>\u00e8 qualsiasi persona che, in qualit\u00e0 di visitatore, utilizza il sito web <a href=\"https:\/\/malinskagreen.com\/\">www.malinskagreen.com<\/a> &nbsp;(di seguito denominato sito web).<\/p>\n\n\n\n<h3 class=\"wp-block-heading\">Dati personali: raccolta e finalit\u00e0 del trattamento dei dati<\/h3>\n\n\n\n<p><strong>TURISTI\u010cKO NASELJE &#8211; LAVANDE d.o.o. <\/strong>raccoglie, previa approvazione dell\u2019utente, vari dati sui visitatori del sito web, al fine di identificare gli utenti. I dati vengono raccolti e utilizzati come descritto di seguito.<\/p>\n\n\n\n<p><strong>Dati raccolti dai moduli web<\/strong><\/p>\n\n\n\n<p><strong>TURISTI\u010cKO NASELJE &#8211; LAVANDE d.o.o. <\/strong>&nbsp;raccoglie dati personali dal sito web \u2013 a condizione che l\u2019utente invii volontariamente tali dati attraverso l\u2019uso dei moduli web sul sito web o iscrivendosi alla nostra newsletter o ad altre forme di notifiche elettroniche destinate alle comunicazioni commerciali e di marketing con gli utenti.<\/p>\n\n\n\n<p><strong>Vengono raccolti i seguenti dati:<\/strong><\/p>\n\n\n\n<ul class=\"wp-block-list\">\n<li>Nome e cognome<\/li>\n\n\n\n<li>Indirizzo<\/li>\n\n\n\n<li>Citt\u00e0 e CAP<\/li>\n\n\n\n<li>Indirizzo e-mail<\/li>\n\n\n\n<li>Indirizzo IP<\/li>\n\n\n\n<li>Numero di telefono<\/li>\n<\/ul>\n\n\n\n<p><\/p>\n\n\n\n<p>Lo scopo della raccolta dei dati sul sito web \u00e8 di natura commerciale, ci\u00f2 significa che quando Lei invia un modulo con l\u2019intento di una cooperazione commerciale, accetta che ai fini di ulteriori comunicazioni con Lei, memorizziamo i Suoi dati personali nel nostro database. Conserviamo i Suoi dati in base all\u2019interesse legittimo della societ\u00e0 <strong>TURISTI\u010cKO NASELJE &#8211; LAVANDE d.o.o. <\/strong>&nbsp;per trattare e utilizzare i Suoi dati al fine di un\u2019ulteriore cooperazione e marketing diretto.<\/p>\n\n\n\n<p>L\u2019amministratore non \u00e8 responsabile della correttezza, dell\u2019attendibilit\u00e0 e dell\u2019aggiornamento dei dati e delle informazioni di contatto inviati dagli utenti. Come utente del sito web, \u00e8 la Sua responsabilit\u00e0 di fornire le informazioni esatte e aggiornate durante l\u2019utilizzo del sito web.<\/p>\n\n\n\n<h3 class=\"wp-block-heading\">Informazioni sull\u2019utilizzo del sito web<\/h3>\n\n\n\n<p>Il sito web pu\u00f2 raccogliere automaticamente alcune informazioni relative all\u2019hardware e al software del computer dell\u2019utente. Questi dati vengono utilizzati esclusivamente per fornire informazioni statistiche generali sull\u2019utilizzo del sito web. Questi dati possono includere:<\/p>\n\n\n\n<ul class=\"wp-block-list\">\n<li>Indirizzo IP del dispositivo utilizzato per accedere al sito web<\/li>\n\n\n\n<li>Tipo di browser,<\/li>\n\n\n\n<li>Nome di dominio,<\/li>\n\n\n\n<li>Tempo di accesso<\/li>\n\n\n\n<li>Indirizzi delle pagine web visitate sul nostro sito web<\/li>\n<\/ul>\n\n\n\n<p><\/p>\n\n\n\n<p>Questi dati vengono raccolti attraverso l\u2019uso dei cookie. L\u2019uso dei cookie, la loro amministrazione e cancellazione, \u00e8 ulteriormente descritto nel relativo testo.<\/p>\n\n\n\n<h3 class=\"wp-block-heading\">Finalit\u00e0 del trattamento dei dati<\/h3>\n\n\n\n<p>Adempimento dei diritti e degli obblighi derivanti dalle richieste presentate e\/o dai contratti firmati<\/p>\n\n\n\n<p>Nell\u2019ambito della vendita\/acquisto di prodotti e derivanti dai suoi obblighi contrattuali, <strong>TURISTI\u010cKO NASELJE &#8211; LAVANDE d.o.o. <\/strong>tratta i dati personali degli utenti con lo scopo di identificare le persone ai fini dell\u2019esecuzione del contratto (il contratto di vendita dei prodotti tra <strong>TURISTI\u010cKO NASELJE &#8211; LAVANDE d.o.o. <\/strong>e il cliente si basa sulla richiesta presentata, che pu\u00f2 essere modificata dall\u2019originale nel processo di negoziazione anche al di fuori del sito web). Si ritiene pertanto che il trattamento dei dati personali abbia una base giuridica ai fini della conclusione del contratto.<\/p>\n\n\n\n<p>In caso di acquisto del prodotto, i dati personali vengono trattati per diverse finalit\u00e0, come la comunicazione con l\u2019acquirente in merito all\u2019esecuzione dell\u2019ordine, la risoluzione dei problemi (reclami, garanzia), le notifiche all\u2019acquirente circa il trattamento e la consegna dell\u2019ordine o altre notifiche richieste dalla legge per l\u2019esecuzione dell\u2019ordine, per eventuali scopi di raccolta e ai fini della contabilit\u00e0 e delle imposte fiscali.<\/p>\n\n\n\n<h3 class=\"wp-block-heading\">Comunicazione con gli utenti<\/h3>\n\n\n\n<p>Ai fini del marketing diretto \u2013 messaggi e-mail contenenti informazioni utili, educative, interessanti o importanti da parte dell\u2019amministratore (informazioni su nuove offerte, promozioni, inviti a eventi, partecipazione a estrazioni e concorsi, consigli utili per gli utenti, ecc.)<\/p>\n\n\n\n<p>Re-marketing (Google, Facebook) allo scopo di migliorare e rendere pi\u00f9 pertinenti le informazioni degli utenti e per migliorare il grado di coinvolgimento degli utenti.<\/p>\n\n\n\n<p>Per analisi di mercato e segmentazione della clientela per offerte su misura su prodotti e servizi.<\/p>\n\n\n\n<p>Sulla base dei dati personali inviati, \u00e8 possibile ricevere le informazioni o le offerte personalizzate via e-mail all\u2019indirizzo e-mail inviato o come materiale stampato all\u2019indirizzo fisico inviato.<\/p>\n\n\n\n<h3 class=\"wp-block-heading\">Analisi dell\u2019attivit\u00e0 dell\u2019utente<\/h3>\n\n\n\n<p>Segmentazione e profilazione degli utenti con l\u2019obiettivo di informazioni personalizzate e pi\u00f9 pertinenti e per ottenere una maggiore reattivit\u00e0 ai messaggi di posta elettronica.<\/p>\n\n\n\n<p>Analizzare la lettura dei messaggi e-mail, in particolare quali e-mail ha aperto o non ha aperto, quali collegamenti ha cliccato (il contenuto che ha letto o visualizzato), il tempo trascorso a leggere o visualizzare un particolare contenuto, ecc.<\/p>\n\n\n\n<p>Il sito web pu\u00f2 raccogliere automaticamente dati sull\u2019hardware e sul software dal computer dell\u2019utente, nonch\u00e9 alcuni dati personali, come l\u2019indirizzo IP. I dati personali raccolti dalla Sua visita al sito web non sono memorizzati o sono conservati in forma anonima e come tali, non correlati agli utenti. Questi dati vengono utilizzati da Google Analytics e la societ\u00e0 Google LLC \u00e8 la responsabile nell\u2019ambito del trattamento dei dati consentito dalla legge.<\/p>\n\n\n\n<p>Le informazioni vengono utilizzate esclusivamente per la preparazione di statistiche generali sull\u2019utilizzo del sito web. I dati vengono raccolti attraverso l\u2019uso di cookie. L\u2019uso, la gestione e la cancellazione dei cookie sono descritti pi\u00f9 avanti nel capitolo sulla politica dei cookie.<\/p>\n\n\n\n<h3 class=\"wp-block-heading\">Trattamento dei dati<\/h3>\n\n\n\n<p>L\u2019amministratore tratta i dati in base alla legge e al suo legittimo interesse, a meno che prevalgano gli interessi e i diritti e le libert\u00e0 fondamentali dell\u2019utente a cui i dati personali sono correlati, e dovrebbero essere protetti come tali. Nell\u2019ambito del suo legittimo interesse, l\u2019amministratore esercita sempre il proprio giudizio sulla base del diritto vigente. L\u2019ulteriore utilizzo dei dati in forma pseudo o in forma aggregata (forma cumulativa), ad esempio, rappresenta una forma lecita di utilizzo dei dati a fini di marketing o altre analisi commerciali o tecniche di <strong>TURISTI\u010cKO NASELJE &#8211; LAVANDE d.o.o.<\/strong><\/p>\n\n\n\n<h3 class=\"wp-block-heading\">Utenti dei dati<\/h3>\n\n\n\n<p><strong>TURISTI\u010cKO NASELJE &#8211; LAVANDE d.o.o. <\/strong>si impegna a non vendere, affittare o scambiare i Suoi dati personali. Essi non saranno inviati o trasferiti a un paese terzo o a un\u2019organizzazione internazionale, a meno che non sia imposto dalla legge o dalla legislazione dell\u2019Unione Europea (mandati di tribunali, autorit\u00e0 di contrasto, ecc.).<\/p>\n\n\n\n<p>Nell\u2019ambito delle giurisdizioni legali, i Suoi dati possono essere comunicati a:<\/p>\n\n\n\n<ul class=\"wp-block-list\">\n<li>Fornitori di servizi IT, nell\u2019ambito del loro servizio e manutenzione dell\u2019hardware e del software, in cui vengono memorizzati i dati<\/li>\n\n\n\n<li>Amministratore del sito web<\/li>\n\n\n\n<li>In alcuni casi, i fornitori di servizi (terze parti) che ci forniscono l\u2019accesso al sito web, lo sviluppo di applicazioni, l\u2019hosting, la manutenzione e i backup di sicurezza, l\u2019archiviazione, l\u2019infrastruttura virtuale, il trattamento dei pagamenti e altri servizi per i quali possono richiedere l\u2019accesso o l\u2019uso dei dati.<\/li>\n<\/ul>\n\n\n\n<p><\/p>\n\n\n\n<p>In alcuni casi (ad esempio il re-marketing) l\u2019amministrazione dei dati \u00e8 con le terze parti che ci trasmettono tali dati, in base alla loro politica sulla privacy. Come utente, pu\u00f2 gestire i Suoi dati e le Sue informazioni e controllare la portata dei dati e delle informazioni che otteniamo dalle terze parti (ad esempio i social media) utilizzando le impostazioni sulla privacy appropriate nei Suoi account utente con queste terze parti. <strong>TURISTI\u010cKO NASELJE &#8211; LAVANDE d.o.o. <\/strong>non \u00e8 responsabile di ci\u00f2 che terze parti fanno con i Suoi dati personali e Le consigliamo di utilizzare le applicazioni attendibili e di avere le impostazioni sulla privacy appropriate per la protezione dei dati personali impostate con loro.<\/p>\n\n\n\n<p><a>I <\/a>siti web dell\u2019<strong>TURISTI\u010cKO NASELJE &#8211; LAVANDE d.o.o.<\/strong> hanno link esterni ai siti web che non sono sotto il controllo dell\u2019<strong>TURISTI\u010cKO NASELJE &#8211; LAVANDE d.o.o. <\/strong>Visitando questi siti web, potrebbe inviare i suoi dati personali a terzi, con i quali <strong>TURISTI\u010cKO NASELJE &#8211; LAVANDE d.o.o. <\/strong>non ha un contratto relativo al trattamento dei dati personali. Questi siti web hanno una propria politica sulla privacy su cui basano il trattamento dei loro dati personali. Le consigliamo di leggere l\u2019informativa sulla privacy e di informarsi su come vengono trattati i Suoi dati personali quando visita questi siti web di terze parti.<\/p>\n\n\n\n<h3 class=\"wp-block-heading\">Consenso<\/h3>\n\n\n\n<p>I dati personali ottenuti dall\u2019amministratore utilizzando il sito web o forniti dall\u2019utente inviando qualsiasi modulo da uno qualsiasi dei nostri siti web oppure iscrivendosi alla newsletter o ad altre notifiche elettroniche, vengono trattati con il consenso esplicito e inequivocabile dell\u2019utente in base all\u2019articolo 6 (1), (a) del Regolamento generale sulla protezione dei dati dell\u2019UE (GDPR).<\/p>\n\n\n\n<p>Acconsente al trattamento dei dati personali da parte dell\u2019<strong>TURISTI\u010cKO NASELJE &#8211; LAVANDE d.o.o.<\/strong> quando utilizza il sito web e clicca su \u201cInvia\u201d nei moduli web. L\u2019amministratore fornir\u00e0 un\u2019opzione per il Suo consenso ogni volta che \u00e8 necessario senza la finestra di conferma. Il consenso personale dell\u2019utente \u00e8 l\u2019esercizio della sua libera volont\u00e0 che i suoi dati personali possano essere trattati per un determinato scopo, sulla base delle informazioni fornite e garantite dall\u2019amministratore nella presente informativa sulla privacy.<\/p>\n\n\n\n<p>Inoltre, l\u2019utente acconsente specificamente, senza limitazioni, al trattamento dei suoi dati personali ai fini dei processi precontrattuali e della conclusione e dell\u2019adempimento del contratto, nonch\u00e9, senza limitazioni, per i processi post-contrattuali.<\/p>\n\n\n\n<p>Pu\u00f2 revocare il Suo consenso per qualsiasi scopo particolare del trattamento dei dati in qualsiasi momento, inviandoci una comunicazione scritta per posta ordinaria o alla nostra e-mail all\u2019indirizzo <a href=\"mailto:info@malinskagreen.com\">info@malinskagreen.com<\/a> . In tal caso, non utilizzeremo pi\u00f9 i Suoi dati personali per gli scopi descritti nel paragrafo precedente. Tale revoca del consenso non pregiudica la liceit\u00e0 del trattamento dei dati personali prima della revoca.<\/p>\n\n\n\n<h3 class=\"wp-block-heading\">I Suoi diritti<\/h3>\n\n\n\n<p>In conformit\u00e0 con la legge vigente e il Regolamento generale sulla protezione dei dati (GDPR) dell\u2019UE, ha il diritto di accedere, di rettificare, di cancellare (il diritto all\u2019oblio) e di trasferire i Suoi dati nonch\u00e9 di limitarne il trattamento e di opporsi in qualsiasi momento.<\/p>\n\n\n\n<p>Se desidera esercitare uno dei Suoi diritti o ottenere ulteriori informazioni o presentare un reclamo formale, deve inviare una comunicazione scritta a: <strong>TURISTI\u010cKO NASELJE &#8211; LAVANDE d.o.o.,<\/strong> Put Haludova 3, 51511 Malinska, Croazia o tramite e-mail all\u2019indirizzo <a href=\"mailto:info@malinskagreen.com\">info@malinskagreen.com<\/a><\/p>\n\n\n\n<p>La Sua richiesta sar\u00e0 analizzata da una persona accreditata per la protezione dei dati personali e avr\u00e0 risposta entro 30 giorni o in conformit\u00e0 con il GDPR e il suo articolo 37 come da regolamento UE 2016\/679 dal Parlamento europeo del 27 aprile 2016.<\/p>\n\n\n\n<h3 class=\"wp-block-heading\">Periodi di conservazione dei dati<\/h3>\n\n\n\n<p>I dati raccolti dall\u2019amministratore del sito web vengono conservati per l\u2019uso dell\u2019amministratore in conformit\u00e0 con i termini e le finalit\u00e0 specificati nella presente Informativa sulla privacy. I dati personali sono memorizzati sul sito web (come richieste o moduli di contatto) e nei casi di ulteriore trattamento e comunicazione con l\u2019utente, su altri database correlati dell\u2019azienda (come CRM, software per la gestione della merce ecc.).<\/p>\n\n\n\n<p>I periodi di conservazione dei dati possono differire e essere soggetti a regolamentazione di specifiche normative di settore (es. contabile, fiscale). Diverse normative di settore prevedono diversi periodi di conservazione obbligatoria che richiedono all\u2019 <strong>TURISTI\u010cKO NASELJE &#8211; LAVANDE d.o.o.<\/strong> di cancellare i dati personali dopo la scadenza del periodo di conservazione dei dati.<\/p>\n\n\n\n<p>Come utente, ha il diritto alla revisione e al trattamento dei Suoi dati da parte del responsabile del trattamento autorizzato, inviando una richiesta scritta all\u2019indirizzo <strong>TURISTI\u010cKO NASELJE &#8211; LAVANDE d.o.o.<\/strong>, Put Haludova 3, 51511 Malinska, Croazia, o tramite e-mail all\u2019indirizzo <a href=\"mailto:info@malinskagreen.com\">info@malinskagreen.com<\/a> &nbsp;Esamineremo la Sua richiesta e risponderemo in conformit\u00e0 con la legislazione GDPR.<\/p>\n\n\n\n<h3 class=\"wp-block-heading\"><strong>Diritti d\u2019autore<\/strong><\/h3>\n\n\n\n<p>L\u2019amministratore di questo sito web \u00e8 <strong>TURISTI\u010cKO NASELJE &#8211; LAVANDE d.o.o<\/strong>. Il contenuto pubblicato sul sito web \u00e8 di propriet\u00e0 di <strong>TURISTI\u010cKO NASELJE &#8211; LAVANDE d.o.o<\/strong>. e pu\u00f2 essere utilizzato solo per scopi non commerciali, a condizione che tutte le note autoriali siano conservate e non possano essere riscritte o copiate oppure riprodotte in altro modo.<\/p>\n\n\n\n<h3 class=\"wp-block-heading\">Prenotazioni<\/h3>\n\n\n\n<p><strong>TURISTI\u010cKO NASELJE &#8211; LAVANDE d.o.o<\/strong>. fornir\u00e0, con la massima cura, le informazioni e i dati accurati e aggiornati sul suo sito web. Tuttavia, non pu\u00f2 garantire che tutti i dati siano accurati o completi e non pu\u00f2 assumersi la responsabilit\u00e0 per eventuali danni derivanti da tali dati. <strong>TURISTI\u010cKO NASELJE &#8211; LAVANDE d.o.o<\/strong>. non si assume alcuna responsabilit\u00e0 per i danni conseguenti relativi al contenuto del sito web. <strong>TURISTI\u010cKO NASELJE &#8211; LAVANDE d.o.o<\/strong>. non si assume alcuna responsabilit\u00e0 per eventuali virus eventualmente trasmessi agli utenti da questo sito web e con la presente incoraggia gli utenti a proteggersi adeguatamente dai virus prima di scaricare qualsiasi contenuto da questo sito web.<\/p>\n\n\n\n<p><strong>TURISTI\u010cKO NASELJE &#8211; LAVANDE d.o.o<\/strong>. non \u00e8 responsabile per il sito web temporaneamente non funzionante o per le informazioni inesatte contenute su tale sito. Inoltre, non \u00e8 responsabile per eventuali danni derivanti dall\u2019uso di informazioni incomplete o inesatte.<\/p>\n\n\n\n<p>N\u00e9 <strong>TURISTI\u010cKO NASELJE &#8211; LAVANDE d.o.o<\/strong>.&nbsp; n\u00e9 qualsiasi altra entit\u00e0 fisica o giuridica coinvolta nello sviluppo di questo sito web \u00e8 responsabile per eventuali danni derivanti dall\u2019accesso o dall\u2019uso delle informazioni sul sito web o dall\u2019impossibilit\u00e0 di utilizzare le informazioni da questo sito web o per qualsiasi contenuto impreciso o incompleto sul sito web.<\/p>\n\n\n\n<p>Ci riserviamo il diritto di reindirizzare gli utenti ad altri siti sul World Wide Web e non siamo responsabili per qualsiasi contenuto su tali siti web.<\/p>\n\n\n\n<h3 class=\"wp-block-heading\">Modifiche all\u2019informativa sulla privacy<\/h3>\n\n\n\n<p>L\u2019amministratore si riserva il diritto di cambiare o modificare le regole della politica sulla privacy per gli utenti del sito web in qualsiasi momento e senza preavviso. Suggeriamo agli utenti di verificare l\u2019ultima data delle condizioni generali d\u2019uso e delle sue modifiche, prima di utilizzare il sito web.<\/p>\n\n\n\n<p><strong>Validit\u00e0<\/strong> L\u2019informativa sulla privacy personale su questo sito web \u00e8 in vigore dal 1 gennaio 2024 e pu\u00f2 essere modificata o rettificata in qualsiasi momento.<\/p>\n","protected":false},"excerpt":{"rendered":"<p>TURISTI\u010cKO NASELJE &#8211; LAVANDE d.o.o. rispetta la Sua privacy e si impegna a proteggere le informazioni personali ottenute attraverso il sistema informativo online. Inoltre, TURISTI\u010cKO NASELJE &#8211; LAVANDE d.o.o. non condivider\u00e0 tali informazioni con terzi o le utilizzer\u00e0 per altri scopi senza il Suo consenso. Nel nostro sistema informativo online sono forniti alcuni link ad [&hellip;]<\/p>\n","protected":false},"author":1,"featured_media":0,"parent":0,"menu_order":0,"comment_status":"closed","ping_status":"open","template":"","meta":{"_acf_changed":false,"footnotes":""},"class_list":["post-4280","page","type-page","status-publish","hentry"],"acf":[],"_links":{"self":[{"href":"https:\/\/malinskagreen.com\/it\/wp-json\/wp\/v2\/pages\/4280","targetHints":{"allow":["GET"]}}],"collection":[{"href":"https:\/\/malinskagreen.com\/it\/wp-json\/wp\/v2\/pages"}],"about":[{"href":"https:\/\/malinskagreen.com\/it\/wp-json\/wp\/v2\/types\/page"}],"author":[{"embeddable":true,"href":"https:\/\/malinskagreen.com\/it\/wp-json\/wp\/v2\/users\/1"}],"replies":[{"embeddable":true,"href":"https:\/\/malinskagreen.com\/it\/wp-json\/wp\/v2\/comments?post=4280"}],"version-history":[{"count":0,"href":"https:\/\/malinskagreen.com\/it\/wp-json\/wp\/v2\/pages\/4280\/revisions"}],"wp:attachment":[{"href":"https:\/\/malinskagreen.com\/it\/wp-json\/wp\/v2\/media?parent=4280"}],"curies":[{"name":"wp","href":"https:\/\/api.w.org\/{rel}","templated":true}]}}