{"id":4274,"date":"2023-11-24T11:54:30","date_gmt":"2023-11-24T10:54:30","guid":{"rendered":"https:\/\/malinskagreen.com\/legal-information\/"},"modified":"2025-05-06T20:33:43","modified_gmt":"2025-05-06T18:33:43","slug":"informazioni-legali","status":"publish","type":"page","link":"https:\/\/malinskagreen.com\/it\/informazioni-legali\/","title":{"rendered":"Informazioni legali"},"content":{"rendered":"\n<p class=\"has-text-align-left\"><strong>APARTMANSKO NASELJE &#8211; LAVANDE d.o.o.<\/strong><br>OIB: 37295834533<br>Numero di registrazione:&nbsp;01453106<\/p>\n\n\n\n<p class=\"has-text-align-left\"><strong>Conto bancario:<\/strong><br>ZAGREBA\u010cKA BANKA d.d.<br>IBAN: HR26 2360 0001 1029 8408 9<\/p>\n\n\n\n<p class=\"has-text-align-left\"><strong>Sede centrale:<\/strong><br>Put Haludova 3, 51511 Malinska, Croazia<\/p>\n\n\n\n<p class=\"has-text-align-left\"><strong>Membri del consiglio e direttori:<\/strong> Klara \u0110urkin, Maja \u0110urkin Me\u0111imurec, Ivan \u0110urkin<br>L\u2019importo del capitale azionario della societ\u00e0, e se il capitale \u00e8 stato interamente versato: 2.650 \u20ac<\/p>\n\n\n\n<p class=\"has-text-align-left\">APARTMANSKO NASELJE &#8211; LAVANDE d.o.o. (societ\u00e0 a responsabilit\u00e0 limitata) elencato nel registro del Tribunale commerciale di Rijeka.<\/p>\n\n\n\n<p class=\"has-text-align-left\"><strong>Titolari dei diritti d&#8217;autore per le fotografie utilizzate sul sito web:<\/strong>&nbsp;TZO Malinska-Duba\u0161nica, Denis Hren, Luka Tabako, Fran Karabai\u0107, Otokar Crnali\u0107, Ivan Vranji\u0107, Hrvoje Sar\u0161on<\/p>\n","protected":false},"excerpt":{"rendered":"<p>APARTMANSKO NASELJE &#8211; LAVANDE d.o.o.OIB: 37295834533Numero di registrazione:&nbsp;01453106 Conto bancario:ZAGREBA\u010cKA BANKA d.d.IBAN: HR26 2360 0001 1029 8408 9 Sede centrale:Put Haludova 3, 51511 Malinska, Croazia Membri del consiglio e direttori: Klara \u0110urkin, Maja \u0110urkin Me\u0111imurec, Ivan \u0110urkinL\u2019importo del capitale azionario della societ\u00e0, e se il capitale \u00e8 stato interamente versato: 2.650 \u20ac APARTMANSKO NASELJE &#8211; [&hellip;]<\/p>\n","protected":false},"author":1,"featured_media":0,"parent":0,"menu_order":0,"comment_status":"closed","ping_status":"closed","template":"","meta":{"_acf_changed":false,"footnotes":""},"class_list":["post-4274","page","type-page","status-publish","hentry"],"acf":[],"_links":{"self":[{"href":"https:\/\/malinskagreen.com\/it\/wp-json\/wp\/v2\/pages\/4274","targetHints":{"allow":["GET"]}}],"collection":[{"href":"https:\/\/malinskagreen.com\/it\/wp-json\/wp\/v2\/pages"}],"about":[{"href":"https:\/\/malinskagreen.com\/it\/wp-json\/wp\/v2\/types\/page"}],"author":[{"embeddable":true,"href":"https:\/\/malinskagreen.com\/it\/wp-json\/wp\/v2\/users\/1"}],"replies":[{"embeddable":true,"href":"https:\/\/malinskagreen.com\/it\/wp-json\/wp\/v2\/comments?post=4274"}],"version-history":[{"count":0,"href":"https:\/\/malinskagreen.com\/it\/wp-json\/wp\/v2\/pages\/4274\/revisions"}],"wp:attachment":[{"href":"https:\/\/malinskagreen.com\/it\/wp-json\/wp\/v2\/media?parent=4274"}],"curies":[{"name":"wp","href":"https:\/\/api.w.org\/{rel}","templated":true}]}}