{"id":4268,"date":"2023-11-24T11:54:59","date_gmt":"2023-11-24T10:54:59","guid":{"rendered":"https:\/\/malinskagreen.com\/credit-card-payment-security\/"},"modified":"2024-02-29T18:45:42","modified_gmt":"2024-02-29T17:45:42","slug":"sicurezza-dei-pagamenti-con-carta-di-credito","status":"publish","type":"page","link":"https:\/\/malinskagreen.com\/it\/sicurezza-dei-pagamenti-con-carta-di-credito\/","title":{"rendered":"Sicurezza dei pagamenti con carta di credito"},"content":{"rendered":"\n<p>La privacy dei Suoi dati \u00e8 protetta e garantita dall\u2019uso della crittografia SSL. I siti di fatturazione online sono protetti utilizzando il protocollo Secure Socket Layer (SSL) con crittografia dei dati a 128 bit. La crittografia SSL \u00e8 il processo di crittografia dei dati per impedire l\u2019accesso non autorizzato durante la trasmissione.<\/p>\n\n\n\n<p>Ci\u00f2 consente il trasferimento sicuro delle informazioni e impedisce l\u2019accesso non autorizzato ai dati durante la comunicazione tra il computer dell\u2019utente e il servizio WebPay e viceversa.<\/p>\n\n\n\n<p>Il servizio WebPay e gli istituti finanziari si scambiano dati utilizzando una rete privata virtuale (VPN), protetta da accessi non autorizzati.<\/p>\n\n\n\n<p>Monri Payment Gateway \u00e8 certificato secondo lo standard di sicurezza PCI DSS Level 1 prescritto dalle regole Visa e Mastercard.<\/p>\n\n\n\n<p>Il commerciante non salva i numeri di carta di credito ed essi non sono accessibili a persone non autorizzate.<\/p>\n\n\n\n<h3 class=\"wp-block-heading\">Dichiarazione sulla protezione e la raccolta dei dati personali<\/h3>\n\n\n\n<p>Ci impegniamo a proteggere i dati personali dei clienti, raccogliendo solo le informazioni necessarie e di base sui clienti \/ utenti fondamentali per adempiere ai nostri obblighi; Informiamo i clienti sull\u2019uso dei dati raccolti, diamo regolarmente ai clienti una scelta sull\u2019uso dei loro dati, compresa la possibilit\u00e0 di decidere se vogliono o meno che il loro nome venga rimosso dagli elenchi utilizzati per le campagne di marketing.<\/p>\n\n\n\n<p>Tutti i dati dell\u2019utente sono rigorosamente conservati e sono disponibili solo ai dipendenti che necessitano di tali dati affinch\u00e9 possano svolgere il proprio lavoro. Tutti i nostri dipendenti e partner commerciali sono obbligati a rispettare i termini di protezione della privacy.<\/p>\n\n\n\n<h3 class=\"wp-block-heading\">Modalit\u00e0 e condizioni di pagamento<\/h3>\n\n\n\n<p><strong>Condizioni per la vendita di merci e servizi<\/strong><\/p>\n\n\n\n<p>Queste condizioni determinano il processo di ordinazione, pagamento, consegna e reclamo dei prodotti offerti sul sito <a href=\"https:\/\/malinskagreen.com\/\">www.malinskagreen.com<\/a> . Il sito web pu\u00f2 essere utilizzati per uso privato senza costi di utilizzo e secondo i seguenti termini e condizioni.<\/p>\n\n\n\n<p>Il venditore \u00e8 <strong>TURISTI\u010cKO NASELJE &#8211; LAVANDE d.o.o.<\/strong>, e il cliente \u00e8 un visitatore di questo sito che compila un ordine elettronico, lo invia al venditore ed effettua il pagamento tramite carta di credito o in contanti alla consegna.<\/p>\n\n\n\n<p><strong>Ordinazione<\/strong><\/p>\n\n\n\n<p>Il cliente effettua l\u2019ordinazione del prodotto o dei prodotti tramite un modulo d\u2019ordine elettronico.<\/p>\n\n\n\n<p>Un cliente \u00e8 considerato qualsiasi persona che effettua elettronicamente l\u2019ordinazione di almeno un prodotto, compila le informazioni richieste e invia l\u2019ordine.<\/p>\n\n\n\n<p>Tutti i prezzi sono espressi in EUR con l\u2019IVA. Il cliente ha inoltre la possibilit\u00e0 di visualizzare i prezzi in kune croate (HRK).<\/p>\n\n\n\n<p>La merce viene ordinata elettronicamente, cliccando su un prodotto specifico e aggiungendolo nel carrello. Si considera ordinato nel momento in cui il cliente sceglie e conferma il metodo di pagamento.<\/p>\n\n\n\n<p><strong>Pagamento<\/strong><\/p>\n\n\n\n<p>I prodotti o servizi ordinati vengono pagati online tramite una delle carte di credito: Mastercard, Maestro o Visa.<\/p>\n\n\n\n<p><strong>Consegna<\/strong><\/p>\n\n\n\n<p>I prodotti ordinati sono imballati in modo tale da non essere danneggiati durante la normale manipolazione. Al momento della presa in consegna, il cliente \u00e8 tenuto a verificare le condizioni della spedizione e, in caso di danni, a reclamare immediatamente il prodotto al corriere (dipendente della societ\u00e0 che esegue la consegna). Il venditore declina ogni responsabilit\u00e0 per danni che possono verificarsi durante la consegna.<\/p>\n\n\n\n<p>Se il cliente non riceve la merce, o l\u2019avviso di consegna, dopo che \u00e8 stata inviata, entro il tempo previsto, egli ha il diritto di informare il venditore che provveder\u00e0 a ritrovare la spedizione o ad inviare una spedizione sostitutiva.<\/p>\n\n\n\n<p>Se il cliente rifiuta di ricevere la merce che ha ordinato dal venditore, il venditore ha il diritto di richiedere al cliente il risarcimento di tutti i costi relativi alla consegna.<\/p>\n\n\n\n<p>Il venditore si impegna a inviare la spedizione all\u2019acquirente quando riceve la conferma di approvazione della transazione online effettuata. Dopo aver ricevuto tale conferma, il venditore si impegna a inviare la spedizione entro 5 (cinque) giorni lavorativi.<\/p>\n\n\n\n<p>Dopo che il servizio di corriere (la societ\u00e0 adibita alla consegna) riceve la spedizione dal venditore, il venditore non \u00e8 pi\u00f9 responsabile dell\u2019ulteriore corso della consegna e di eventuali ritardi e problemi che possono sorgere in relazione all\u2019ulteriore gestione e consegna della merce.<\/p>\n\n\n\n<p>Se il cliente sceglie l\u2019opzione di scaricare il prodotto invece di consegnarlo, il venditore si impegna a inviare una notifica esclusivamente sotto forma di e-mail al cliente, che conterr\u00e0 link e istruzioni per il download. Al ricevimento dell\u2019e-mail (notifica di download), il cliente potr\u00e0 scaricare immediatamente il prodotto.<\/p>\n\n\n\n<h3 class=\"wp-block-heading\">Reclami<\/h3>\n\n\n\n<p>Il venditore si impegna a consegnare un prodotto tecnicamente corretto e corrispondente alla descrizione del prodotto elencato su <a href=\"https:\/\/malinskagreen.com\/\">www.malinskagreen.com<\/a> . L\u2019immagine che illustra il prodotto sul sito web non deve corrispondere all\u2019aspetto reale del prodotto e il cliente non pu\u00f2 reclamare questo segmento.<\/p>\n\n\n\n<p>In caso di malfunzionamento tecnico delle registrazioni audio memorizzate sul trasmettitore audio, il venditore si assume la piena responsabilit\u00e0. In caso di malfunzionamento tecnico, il cliente \u00e8 tenuto a reclamare il prodotto entro 4 (quattro) giorni lavorativi. Dopo aver reclamato il malfunzionamento tecnico, il cliente \u00e8 tenuto a restituire la registrazione sonora tecnicamente malfunzionante per posta, insieme alla fattura. In seguito, il venditore invier\u00e0 al cliente un prodotto sostitutivo entro 3 (tre) giorni lavorativi, gratuitamente. In questo caso, il cliente non ha diritto di richiedere un rimborso, ma solo un prodotto sostitutivo.<\/p>\n\n\n\n<p>Il venditore non \u00e8 responsabile per eventuali danni e altri obblighi che sono di responsabilit\u00e0 del servizio di corriere (la societ\u00e0 che esegue la consegna dei prodotti).<\/p>\n\n\n\n<p>Se il cliente sceglie l\u2019opzione di scaricare elettronicamente (download) ma non \u00e8 in grado di farlo a causa di problemi tecnici causati sul server del venditore, il venditore si impegna a inviare un\u2019e-mail con una nuova opzione di download per la quale il cliente non sostiene alcun costo.<\/p>\n\n\n\n<p>Se il cliente non \u00e8 in grado di scaricare a causa di problemi tecnici sul server del venditore dopo una nuova opzione di download, il cliente \u00e8 tenuto a contattare il servizio di vendita del venditore. Egli offrir\u00e0 una soluzione adeguata che non includer\u00e0 eventuali commissioni e ulteriori costi da parte del cliente. In questa situazione, il cliente non ha il diritto di richiedere un rimborso.<\/p>\n\n\n\n<p>Nel caso in cui il cliente non possa scaricare il prodotto e i problemi tecnici non siano legati al venditore, ma siano causati dal cliente, dall\u2019operatore o da terzi, il venditore non si assume alcuna responsabilit\u00e0 e non \u00e8 obbligato a consentire all\u2019acquirente di scaricare o consegnare la merce gratuitamente.<\/p>\n\n\n\n<p>Il cliente \u00e8 tenuto a scaricare il prodotto entro 5 (cinque) giorni lavorativi, dopodich\u00e9 non sar\u00e0 pi\u00f9 in grado di scaricare il prodotto, indipendentemente dal fatto che abbia effettuato il pagamento. In questo caso, il cliente declina qualsiasi reclamo.<\/p>\n\n\n\n<h3 class=\"wp-block-heading\">Protezione del diritto d\u2019autore<\/h3>\n\n\n\n<p>Tutti i diritti dell\u2019editore e del titolare del programma sull\u2019opera registrata e stampata sono riservati. L\u2019editore \u00e8 <strong>TURISTI\u010cKO NASELJE &#8211; LAVANDE d.o.o.<\/strong> Il cliente si impegna a non riprodurre, eseguire, utilizzare in modo non autorizzato la trasmissione e vendere i prodotti del venditore o parte di questi prodotti.<\/p>\n\n\n\n<h3 class=\"wp-block-heading\">In generale<\/h3>\n\n\n\n<p><strong>TURISTI\u010cKO NASELJE &#8211; LAVANDE d.o.o.<\/strong> si riserva il diritto di modificare questi termini e condizioni. Tutte le modifiche si applicheranno all\u2019utilizzo del sito \u00a0<a href=\"https:\/\/malinskagreen.com\/\">www.malinskagreen.com<\/a> . Il cliente \u00e8 responsabile dell\u2019accuratezza e completezza dei dati inseriti durante l\u2019acquisto.<\/p>\n\n\n\n<p>I servizi forniti dal negozio online www.malinskagreen.com non includono i costi sostenuti utilizzando apparecchiature informatiche e servizi per accedere al nostro sito. <strong>TURISTI\u010cKO NASELJE &#8211; LAVANDE d.o.o.<\/strong> non \u00e8 responsabile per i costi telefonici, il traffico Internet o qualsiasi altro costo che pu\u00f2 verificarsi.<\/p>\n\n\n\n<p>Sebbene <strong>TURISTI\u010cKO NASELJE &#8211; LAVANDE d.o.o.<\/strong> si sforzi di fornire la migliore offerta possibile di servizi, non pu\u00f2 garantire che i servizi su www.malinskagreen.com \u00a0soddisfino le Sue esigenze.<\/p>\n\n\n\n<p><strong>TURISTI\u010cKO NASELJE &#8211; LAVANDE d.o.o. <\/strong>non pu\u00f2 garantire che il servizio sar\u00e0 privo di errori. Se si verifica un errore, si prega di segnalarlo al nostro Centro di contatto o di inviare un\u2019email all\u2019 indirizzo <a href=\"mailto:info@malinskagreen.com\">info@malinskagreen.com <\/a>\u00a0\u00a0per eliminare tale errore il prima possibile.<\/p>\n\n\n\n<h3 class=\"wp-block-heading\">Dichiarazione di conversione di valuta<\/h3>\n\n\n\n<p>Tutti i pagamenti saranno effettuati in EUR. L\u2019importo addebitato sul conto della Sua carta di credito viene convertito nella Sua valuta locale al tasso di cambio dell\u2019associazione.<\/p>\n","protected":false},"excerpt":{"rendered":"<p>La privacy dei Suoi dati \u00e8 protetta e garantita dall\u2019uso della crittografia SSL. I siti di fatturazione online sono protetti utilizzando il protocollo Secure Socket Layer (SSL) con crittografia dei dati a 128 bit. La crittografia SSL \u00e8 il processo di crittografia dei dati per impedire l\u2019accesso non autorizzato durante la trasmissione. Ci\u00f2 consente il [&hellip;]<\/p>\n","protected":false},"author":1,"featured_media":0,"parent":0,"menu_order":0,"comment_status":"closed","ping_status":"closed","template":"","meta":{"_acf_changed":false,"footnotes":""},"class_list":["post-4268","page","type-page","status-publish","hentry"],"acf":[],"_links":{"self":[{"href":"https:\/\/malinskagreen.com\/it\/wp-json\/wp\/v2\/pages\/4268","targetHints":{"allow":["GET"]}}],"collection":[{"href":"https:\/\/malinskagreen.com\/it\/wp-json\/wp\/v2\/pages"}],"about":[{"href":"https:\/\/malinskagreen.com\/it\/wp-json\/wp\/v2\/types\/page"}],"author":[{"embeddable":true,"href":"https:\/\/malinskagreen.com\/it\/wp-json\/wp\/v2\/users\/1"}],"replies":[{"embeddable":true,"href":"https:\/\/malinskagreen.com\/it\/wp-json\/wp\/v2\/comments?post=4268"}],"version-history":[{"count":0,"href":"https:\/\/malinskagreen.com\/it\/wp-json\/wp\/v2\/pages\/4268\/revisions"}],"wp:attachment":[{"href":"https:\/\/malinskagreen.com\/it\/wp-json\/wp\/v2\/media?parent=4268"}],"curies":[{"name":"wp","href":"https:\/\/api.w.org\/{rel}","templated":true}]}}