{"id":3731,"date":"2023-11-24T11:54:30","date_gmt":"2023-11-24T10:54:30","guid":{"rendered":"https:\/\/malinskagreen.com\/legal-information\/"},"modified":"2025-05-06T20:33:19","modified_gmt":"2025-05-06T18:33:19","slug":"pravne-informacije","status":"publish","type":"page","link":"https:\/\/malinskagreen.com\/hr\/pravne-informacije\/","title":{"rendered":"Pravne informacije"},"content":{"rendered":"\n<p class=\"has-text-align-left\"><strong>APARTMANSKO NASELJE &#8211; LAVANDE d.o.o.<\/strong><br>OIB: 37295834533<br>MBS:&nbsp;01453106<\/p>\n\n\n\n<p class=\"has-text-align-left\"><strong>Poslovni ra\u010dun:<\/strong><br>ZAGREBA\u010cKA BANKA d.d.<br>HR26 2360 0001 1029 8408 9<\/p>\n\n\n\n<p class=\"has-text-align-left\"><strong>Sjedi\u0161te:<\/strong><br>Put Haludova 3, 51511 Malinska, Hrvatska<\/p>\n\n\n\n<p class=\"has-text-align-left\"><strong>\u010clanovi uprave i direktori:<\/strong> Klara \u0110urkin, Maja \u0110urkin Me\u0111imurec, Ivan \u0110urkin<br>Temeljni kapital: 2.650 eur upla\u0107en u cijelosti<\/p>\n\n\n\n<p class=\"has-text-align-left\">APARTMANSKO NASELJE &#8211; LAVANDE dru\u0161tvo s ograni\u010denom odgovorno\u0161\u0107u upisano je pri Trgova\u010dkom sudu u Rijeci<\/p>\n\n\n\n<p class=\"has-text-align-left\"><strong>Nositelji autorskih prava za fotografije kori\u0161tene na web stranici:<\/strong>&nbsp;TZO Malinska-Duba\u0161nica, Denis Hren, Luka Tabako, Fran Karabai\u0107, Otokar Crnali\u0107, Ivan Vranji\u0107, Hrvoje Sar\u0161on<\/p>\n","protected":false},"excerpt":{"rendered":"<p>APARTMANSKO NASELJE &#8211; LAVANDE d.o.o.OIB: 37295834533MBS:&nbsp;01453106 Poslovni ra\u010dun:ZAGREBA\u010cKA BANKA d.d.HR26 2360 0001 1029 8408 9 Sjedi\u0161te:Put Haludova 3, 51511 Malinska, Hrvatska \u010clanovi uprave i direktori: Klara \u0110urkin, Maja \u0110urkin Me\u0111imurec, Ivan \u0110urkinTemeljni kapital: 2.650 eur upla\u0107en u cijelosti APARTMANSKO NASELJE &#8211; LAVANDE dru\u0161tvo s ograni\u010denom odgovorno\u0161\u0107u upisano je pri Trgova\u010dkom sudu u Rijeci Nositelji autorskih [&hellip;]<\/p>\n","protected":false},"author":1,"featured_media":0,"parent":0,"menu_order":0,"comment_status":"closed","ping_status":"closed","template":"","meta":{"_acf_changed":false,"footnotes":""},"class_list":["post-3731","page","type-page","status-publish","hentry"],"acf":[],"_links":{"self":[{"href":"https:\/\/malinskagreen.com\/hr\/wp-json\/wp\/v2\/pages\/3731","targetHints":{"allow":["GET"]}}],"collection":[{"href":"https:\/\/malinskagreen.com\/hr\/wp-json\/wp\/v2\/pages"}],"about":[{"href":"https:\/\/malinskagreen.com\/hr\/wp-json\/wp\/v2\/types\/page"}],"author":[{"embeddable":true,"href":"https:\/\/malinskagreen.com\/hr\/wp-json\/wp\/v2\/users\/1"}],"replies":[{"embeddable":true,"href":"https:\/\/malinskagreen.com\/hr\/wp-json\/wp\/v2\/comments?post=3731"}],"version-history":[{"count":0,"href":"https:\/\/malinskagreen.com\/hr\/wp-json\/wp\/v2\/pages\/3731\/revisions"}],"wp:attachment":[{"href":"https:\/\/malinskagreen.com\/hr\/wp-json\/wp\/v2\/media?parent=3731"}],"curies":[{"name":"wp","href":"https:\/\/api.w.org\/{rel}","templated":true}]}}