{"id":4279,"date":"2023-11-11T17:39:32","date_gmt":"2023-11-11T16:39:32","guid":{"rendered":"https:\/\/malinskagreen.com\/privacy-policy\/"},"modified":"2024-02-26T14:11:18","modified_gmt":"2024-02-26T13:11:18","slug":"datenschutzrichtlinie","status":"publish","type":"page","link":"https:\/\/malinskagreen.com\/de\/datenschutzrichtlinie\/","title":{"rendered":"Datenschutzrichtlinie"},"content":{"rendered":"\n<p>Die Gesellschaft<strong> TURISTI\u010cKO NASELJE &#8211; LAVANDE d.o.o.<\/strong> respektiert Ihre Privatsph\u00e4re und verpflichtet sich, pers\u00f6nliche Daten zu sch\u00fctzen, die sie \u00fcber ihr Online-Informationssystem erh\u00e4lt; sie wird diese Daten ohne Ihre Zustimmung nicht an Dritte weitergeben oder f\u00fcr andere Zwecke verwenden. In unserem Online-Informationssystem werden bestimmte Links zu externen Websites bereitgestellt, die nicht direkt mit unserem Unternehmen verbunden sind.<\/p>\n\n\n\n<p>Die Gesellschaft<strong> TURISTI\u010cKO NASELJE &#8211; LAVANDE d.o.o.<\/strong> \u00fcbernimmt keine Verantwortung f\u00fcr den Schutz der auf diesen externen Websites enthaltenen Daten.<\/p>\n\n\n\n<p>Die Gesellschaft<strong> TURISTI\u010cKO NASELJE &#8211; LAVANDE d.o.o.<\/strong> verpflichtet sich, alles ihr M\u00f6gliche zu tun, um die Daten und die Privatsph\u00e4re der Besucher der <strong>TURISTI\u010cKO NASELJE &#8211; LAVANDE d,o.o.-<\/strong>Website (<a href=\"https:\/\/malinskagreen.com\/\">www.malinskagreen.com<\/a>) zu sch\u00fctzen.<\/p>\n\n\n\n<p>Um unbefugten Zugriff auf erhaltene Daten oder deren Offenlegung zu verhindern und die Richtigkeit personenbezogener Daten sowie ihre angemessene Verwendung sicherzustellen, sind geeignete technische und organisatorische Verfahren zum Schutz der erhobenen Daten vorhanden. Da das Internet unberechenbar ist, kann die Gesellschaft <strong>TURISTI\u010cKO NASELJE &#8211; LAVANDE d.o.o.<\/strong> &nbsp;trotz aller Sicherheitsma\u00dfnahmen und Sicherheitskommunikationsprotokolle einen m\u00f6glichen Missbrauch von Daten nicht ausschlie\u00dfen.<\/p>\n\n\n\n<p>Diese Datenschutzrichtlinie regelt im Rahmen der Definition des Schutzes personenbezogener Daten die Erhebung, Speicherung und Nutzung personenbezogener Daten, die die Gesellschaft <strong>TURISTI\u010cKO NASELJE &#8211; LAVANDE d.o.o.<\/strong> von Ihnen erhebt, wenn Sie die Website <a href=\"https:\/\/malinskagreen.com\/\">www.malinskagreen.com<\/a> und damit verbundene Webseiten nutzen.<\/p>\n\n\n\n<h3 class=\"wp-block-heading\">Eigent\u00fcmer, Verantwortlicher und Administrator personenbezogener Daten<\/h3>\n\n\n\n<p>Die Definition von \u201eEigent\u00fcmer der Website\u201c und \u201eVerantwortlicher oder Administrator personenbezogener Daten (Administrator)\u201c im Sinne der Datenschutz-Grundverordnung (DSGVO) und des geltenden kroatischen Datenschutzgesetzes ist:<\/p>\n\n\n\n<p>TURISTI\u010cKO NASELJE &#8211; LAVANDE d.o.o.<br>Put Haludova 3<br>51511 Malinska<br>Kroatien<\/p>\n\n\n\n<h3 class=\"wp-block-heading\">Nutzer und verwandte Websites<\/h3>\n\n\n\n<p><strong>Nutzer<\/strong><\/p>\n\n\n\n<p>Nutzer der Website ist jede Person, die als Besucher diese Website und verbundene Websites von <strong>TURISTI\u010cKO NASELJE &#8211; LAVANDE d.o.o.<\/strong><\/p>\n\n\n\n<p>TURISTI\u010cKO NASELJE &#8211; LAVANDE d.o.o. Website<\/p>\n\n\n\n<p>Nutzer der Gesellschaft <strong>TURISTI\u010cKO NASELJE &#8211; LAVANDE d.o.o. <\/strong>ist jede Person, die als Besucher die Website <a href=\"https:\/\/malinskagreen.com\/\">www.malinskagreen.com<\/a> \u00a0(im Folgenden als Website bezeichnet) nutzt.<\/p>\n\n\n\n<h3 class=\"wp-block-heading\">Personenbezogene Daten: Erhebung und Zweck der Datenverarbeitung<\/h3>\n\n\n\n<p><strong>TURISTI\u010cKO NASELJE &#8211; LAVANDE d.o.o. <\/strong>&nbsp;erhebt nach Zustimmung des Nutzers verschiedene Daten \u00fcber die Besucher der Website, um die Nutzer zu identifizieren. Die Daten werden wie im Folgenden n\u00e4her beschrieben erhoben und verwendet.<\/p>\n\n\n\n<h3 class=\"wp-block-heading\">Daten aus den Webformularen<\/h3>\n\n\n\n<p><strong>TURISTI\u010cKO NASELJE &#8211; LAVANDE d.o.o. <\/strong>&nbsp;erhebt personenbezogene Daten von der Website \u2013 solange der Nutzer diese Daten freiwillig \u00fcber die Verwendung der Webformulare auf der Website oder durch das Abonnieren unseres Newsletters oder anderer Formen von elektronischen Mitteilungen \u00fcbermittelt, die f\u00fcr die Gesch\u00e4fts- und Marketingkommunikation mit Nutzern bestimmt sind.<\/p>\n\n\n\n<p>Folgende Daten werden erhoben:<\/p>\n\n\n\n<ul class=\"wp-block-list\">\n<li>Vor- und Nachname<\/li>\n\n\n\n<li>Adresse<\/li>\n\n\n\n<li>Ort und Postleitzahl<\/li>\n\n\n\n<li>E-Mail-Adresse<\/li>\n\n\n\n<li>IP-Adresse<\/li>\n\n\n\n<li>Telefonnummer<\/li>\n<\/ul>\n\n\n\n<p><\/p>\n\n\n\n<p>Der Zweck der Datenerhebung auf der Website ist gesch\u00e4ftlicher Natur, d. h. wenn Sie das Formular mit der Absicht einer gesch\u00e4ftlichen Zusammenarbeit absenden, stimmen Sie zu, dass wir Ihre personenbezogenen Daten zum Zweck der weiteren Kommunikation mit Ihnen in unserer Datenbank speichern. Wir speichern Ihre Daten aufgrund des berechtigten Interesses der Gesellschaft <strong>TURISTI\u010cKO NASELJE &#8211; LAVANDE d.o.o. <\/strong>&nbsp;um Ihre Daten zum Zweck der weiteren Zusammenarbeit und des Direktmarketings zu verarbeiten und zu nutzen.<\/p>\n\n\n\n<p>Der Administrator haftet nicht daf\u00fcr, dass die von den Nutzern \u00fcbermittelten Daten und Kontaktinformationen korrekt, wahrheitsgem\u00e4\u00df oder aktuell sind. Als Nutzer der Website sind Sie daf\u00fcr verantwortlich, bei der Nutzung der Website korrekte und aktuelle Informationen bereitzustellen.<\/p>\n\n\n\n<h3 class=\"wp-block-heading\">Informationen \u00fcber die Nutzung der Website<\/h3>\n\n\n\n<p>Die Website kann automatisch bestimmte Informationen \u00fcber die Computerhardware und -software des Nutzers erheben. Diese Daten werden ausschlie\u00dflich dazu verwendet, allgemeine statistische Informationen \u00fcber die Nutzung der Website zu generieren. Diese Daten k\u00f6nnen beinhalten:<\/p>\n\n\n\n<ul class=\"wp-block-list\">\n<li>IP-Adresse des Ger\u00e4ts, das f\u00fcr den Zugriff auf die Website verwendet wird<\/li>\n\n\n\n<li>Browser-Typ,<\/li>\n\n\n\n<li>Domainname,<\/li>\n\n\n\n<li>Zugriffszeit<\/li>\n\n\n\n<li>Adressen der auf unserer Website besuchten Webseiten<\/li>\n<\/ul>\n\n\n\n<p><\/p>\n\n\n\n<p>Diese Daten werden durch die Verwendung von Cookies erhoben. Die Verwendung von Cookies, deren Verwaltung und L\u00f6schung wird im entsprechenden Text n\u00e4her beschrieben.<\/p>\n\n\n\n<h3 class=\"wp-block-heading\"><strong>Zweck der Datenverarbeitung<\/strong><\/h3>\n\n\n\n<p>Erf\u00fcllung der Rechte und Pflichten aus den eingereichten Anfragen und\/oder unterzeichneten Vertr\u00e4gen<\/p>\n\n\n\n<p>Im Rahmen des Verkaufs\/Kaufs von Produkten und aufgrund ihrer vertraglichen Verpflichtungen verarbeitet die Gesellschaft <strong>TURISTI\u010cKO NASELJE &#8211; LAVANDE d.o.o. <\/strong>die personenbezogenen Daten der Nutzer, um die Personen zum Zwecke der Vertragsabwicklung zu identifizieren (der Vertrag \u00fcber den Verkauf der Produkte zwischen der Gesellschaft <strong>TURISTI\u010cKO NASELJE &#8211; LAVANDE d.o.o. <\/strong>und dem Kunden basiert auf der \u00fcbermittelten Anfrage, die im Verlauf der Verhandlungen auch au\u00dferhalb der Website abge\u00e4ndert werden kann). Es wird daher davon ausgegangen, dass die Verarbeitung personenbezogener Daten zum Zweck des Vertragsabschlusses eine Rechtsgrundlage hat.<\/p>\n\n\n\n<p>Im Falle des Kaufs des Produkts werden die personenbezogenen Daten f\u00fcr verschiedene Zwecke verarbeitet, wie z. B. f\u00fcr die Kommunikation mit dem K\u00e4ufer bez\u00fcglich der Auftragsausf\u00fchrung, Probleml\u00f6sung (Reklamationen, Gew\u00e4hrleistung), Benachrichtigungen an den K\u00e4ufer \u00fcber die Auftragsabwicklung und Lieferung oder andere Benachrichtigungen, die f\u00fcr die Auftragsabwicklung, f\u00fcr eventuelle Inkassozwecke sowie f\u00fcr Zwecke der Buchhaltung und Steuern gesetzlich vorgeschrieben sind.<\/p>\n\n\n\n<h3 class=\"wp-block-heading\">Kommunikation mit Nutzern<\/h3>\n\n\n\n<p>Zum Zwecke des Direktmarketings, d. h. f\u00fcr E-Mail-Nachrichten mit n\u00fctzlichen, interessanten oder wichtigen Informationen des Administrators (z. B. Informationen \u00fcber neue Angebote, Werbeaktionen, Einladungen zu Veranstaltungen, Teilnahme an Verlosungen und Wettbewerben, n\u00fctzliche Tipps f\u00fcr Nutzer usw.)<\/p>\n\n\n\n<p>Re-Marketing (Google, Facebook) zum Zweck besserer und relevanterer Nutzerinformationen und zur Verbesserung des Grads der Nutzerinteraktion.<\/p>\n\n\n\n<p>F\u00fcr Marktanalysen und Kundensegmentierung f\u00fcr ma\u00dfgeschneiderte Angebote zu Produkten und Dienstleistungen.<\/p>\n\n\n\n<p>Basierend auf Ihren \u00fcbermittelten personenbezogenen Daten k\u00f6nnen Sie kundenspezifische Informationen oder Angebote per E-Mail an die von Ihnen angegebene E-Mail-Adresse oder in gedruckter Form an Ihre angegebene Wohnadresse erhalten.<\/p>\n\n\n\n<h3 class=\"wp-block-heading\">Analyse der Nutzeraktivit\u00e4ten<\/h3>\n\n\n\n<p>Nutzersegmentierung und Profilerstellung mit dem Ziel, personalisierte und relevantere Informationen zu erhalten und eine h\u00f6here Reaktionsrate auf E-Mail-Nachrichten zu erreichen.<\/p>\n\n\n\n<p>Analyse gelesener E-Mail-Nachrichten, insbesondere welche E-Mail Sie ge\u00f6ffnet oder nicht ge\u00f6ffnet haben, auf welche Links Sie geklickt haben (die Inhalte, die Sie gelesen oder angesehen haben), die Zeit, die Sie mit dem Lesen oder Ansehen eines bestimmten Inhalts verbracht haben, usw.<\/p>\n\n\n\n<p>Die Website kann automatisch Daten \u00fcber die Hardware und Software des Computers des Nutzers sowie einige personenbezogene Daten wie die IP-Adresse erheben. Die durch Ihren Besuch der Website erhobenen personenbezogenen Daten werden nicht oder nur in anonymisierter Form gespeichert und somit nicht mit Nutzern in Verbindung gebracht. Diese Daten werden von Google Analytics verwendet; das Unternehmen Google LLC ist Auftragsverarbeiter im Rahmen der gesetzlich zul\u00e4ssigen Datenverarbeitung.<\/p>\n\n\n\n<p>Die Informationen werden ausschlie\u00dflich zur Erstellung allgemeiner Statistiken \u00fcber die Nutzung der Website verwendet. Die Datenerhebung erfolgt durch die Verwendung von Cookies. Die Verwendung, Verwaltung und L\u00f6schung von Cookies werden im Kapitel \u00fcber die Cookie-Richtlinie n\u00e4her beschrieben.<\/p>\n\n\n\n<h3 class=\"wp-block-heading\">Datenverarbeitung<\/h3>\n\n\n\n<p>Der Administrator verarbeitet die Daten auf Grundlage des Gesetzes und seines legitimen Interesses, es sei denn, das Interesse und die Grundrechte und -freiheiten des Nutzers, auf den sich die personenbezogenen Daten beziehen und als solche gesch\u00fctzt werden sollten, \u00fcberwiegen. Im Rahmen seines legitimen Interesses wird der Administrator seine Entscheidung stets auf der Grundlage des geltenden Gesetzes treffen. Die Weiterverwendung der Daten beispielsweise in pseudonymisierter oder aggregierter Form (kumulierter Form) stellt eine rechtm\u00e4\u00dfige Form der Datenverwendung zum Zwecke des Marketings oder anderer gesch\u00e4ftlicher oder technischer Analysen von <strong>TURISTI\u010cKO NASELJE &#8211; LAVANDE d.o.o.<\/strong> dar.<\/p>\n\n\n\n<h3 class=\"wp-block-heading\">Nutzer der Daten<\/h3>\n\n\n\n<p><strong>TURISTI\u010cKO NASELJE &#8211; LAVANDE d.o.o. <\/strong>erpflichtet sich hiermit, Ihre personenbezogenen Daten nicht zu verkaufen, zu vermieten oder damit zu handeln. Ihre personenbezogenen Daten werden nicht an einen Drittstaat oder eine internationale Organisation gesendet oder weitergeleitet, es sei denn, dies ist gesetzlich oder durch die Gesetzgebung der Europ\u00e4ischen Union (Auftr\u00e4ge von Gerichten, Strafverfolgungsbeh\u00f6rden usw.) vorgeschrieben.<\/p>\n\n\n\n<p>Im Rahmen der gesetzlichen Zust\u00e4ndigkeiten k\u00f6nnen Ihre Daten offengelegt werden gegen\u00fcber:<\/p>\n\n\n\n<ul class=\"wp-block-list\">\n<li>IT-Serviceanbietern im Rahmen der Wartung und Instandhaltung der Hard- und Software, auf der Ihre Daten gespeichert werden<\/li>\n\n\n\n<li>Website-Administrator<\/li>\n\n\n\n<li>In einigen F\u00e4llen gegen\u00fcber Serviceanbietern (Dritten), die uns den Zugriff auf die Website, die Entwicklung von Apps, das Hosting, die Wartung und Sicherheits-Backups, die Archivierung, die virtuelle Infrastruktur, die Zahlungsabwicklung und andere Dienste bereitstellen, f\u00fcr die sie m\u00f6glicherweise den Zugriff auf oder die Verwendung von Daten ben\u00f6tigen.<\/li>\n<\/ul>\n\n\n\n<p><\/p>\n\n\n\n<p>In einigen F\u00e4llen (z. B. Re-Marketing) liegt die Verwaltung der Daten bei den Dritten, die diese Daten auf der Grundlage ihrer eigenen Datenschutzrichtlinie an uns \u00fcbermitteln. Als Nutzer k\u00f6nnen Sie Ihre eigenen Daten und Informationen verwalten und den Umfang der Daten und Informationen steuern, die wir von Dritten (z. B. den sozialen Medien) erhalten, indem Sie die entsprechenden Datenschutzeinstellungen in Ihren Nutzerkonten bei diesen Dritten vornehmen. &nbsp;<strong>TURISTI\u010cKO NASELJE &#8211; LAVANDE d.o.o. <\/strong>ist nicht daf\u00fcr verantwortlich, was Dritte mit Ihren personenbezogenen Daten tun; dar\u00fcber hinaus empfehlen wir Ihnen, vertrauensw\u00fcrdige Apps sowie entsprechende Datenschutzeinstellungen f\u00fcr den Schutz personenbezogener Daten zu verwenden.<\/p>\n\n\n\n<p>Die Websites von <strong>TURISTI\u010cKO NASELJE &#8211; LAVANDE d.o.o.<\/strong> enthalten externe Links zu Websites, die nicht unter der Kontrolle von <strong>TURISTI\u010cKO NASELJE &#8211; LAVANDE d.o.o. <\/strong>stehen.Durch den Besuch dieser Websites k\u00f6nnen Sie Ihre pers\u00f6nlichen Daten an Dritte \u00fcbermitteln, mit denen <strong>TURISTI\u010cKO NASELJE &#8211; LAVANDE d.o.o. <\/strong>keinen Vertrag \u00fcber die Verarbeitung personenbezogener Daten hat. Diese Websites haben ihre eigenen Datenschutzrichtlinien, auf denen ihre Verarbeitung personenbezogener Daten basiert. Wir empfehlen Ihnen, die Datenschutzerkl\u00e4rung zu lesen und sich dar\u00fcber zu informieren, wie Ihre personenbezogenen Daten verarbeitet werden, wenn Sie diese Websites Dritter besuchen.<\/p>\n\n\n\n<h3 class=\"wp-block-heading\">Einwilligung<\/h3>\n\n\n\n<p>Die personenbezogenen Daten, die der Administrator durch Ihre Nutzung der Website erh\u00e4lt oder die Sie durch das Absenden von Formularen von einer unserer Websites oder durch das Abonnieren des Newsletters oder anderer elektronischer Mitteilungen \u00fcbermitteln, werden mit Ihrer ausdr\u00fccklichen und eindeutigen Einwilligung gem\u00e4\u00df Artikel 6 (1), (a) der EU-Datenschutz-Grundverordnung (DSGVO) verarbeitet.<\/p>\n\n\n\n<p>Sie stimmen der Verarbeitung personenbezogener Daten seitens <strong>TURISTI\u010cKO NASELJE &#8211; LAVANDE d.o.o.<\/strong> zu, wenn Sie die Website nutzen und in Webformularen auf \u201eSenden\u201c klicken. Der Administrator bietet Ihnen bei Bedarf eine Option f\u00fcr Ihre Einwilligung ohne Best\u00e4tigungsfenster. Die pers\u00f6nliche Einwilligung des Nutzers ist die Aus\u00fcbung seines freien Willens, dass seine personenbezogenen Daten f\u00fcr einen bestimmten Zweck verarbeitet werden k\u00f6nnen, basierend auf Informationen, die vom Administrator in dieser Datenschutzrichtlinie bereitgestellt und garantiert werden.<\/p>\n\n\n\n<p>Dar\u00fcber hinaus willigt der Nutzer ausdr\u00fccklich und uneingeschr\u00e4nkt in die Verarbeitung seiner personenbezogenen Daten zum Zwecke vorvertraglicher Prozesse, des Vertragsabschlusses und der Vertragserf\u00fcllung sowie nachvertraglicher Prozesse ein.<\/p>\n\n\n\n<p>Sie k\u00f6nnen Ihre Einwilligung zu einem beliebigen Zweck der Datenverarbeitung jederzeit widerrufen, indem Sie uns eine schriftliche Mitteilung per Post oder an unsere E-Mail-Adresse <a href=\"mailto:info@malinskagreen.com\">info@malinskagreen.com<\/a> senden. In einem solchen Fall werden wir Ihre personenbezogenen Daten nicht mehr f\u00fcr die im vorstehenden Absatz beschriebenen Zwecke verwenden. Ein solcher Widerruf ber\u00fchrt nicht die Rechtm\u00e4\u00dfigkeit der bis zu Ihrem Widerruf erfolgten Verarbeitung Ihrer personenbezogenen Daten.<\/p>\n\n\n\n<h3 class=\"wp-block-heading\">Ihre Rechte<\/h3>\n\n\n\n<p>Gem\u00e4\u00df geltendem Gesetz und der Datenschutz-Grundverordnung (DSGVO) der EU haben Sie das Recht auf Auskunft, Berichtigung, L\u00f6schung (Recht auf Vergessenwerden) und Daten\u00fcbertragbarkeit sowie auf Einschr\u00e4nkung der Verarbeitung Ihrer Daten und ein jederzeitiges Widerspruchsrecht.<\/p>\n\n\n\n<p>Wenn Sie eines Ihrer Rechte aus\u00fcben oder zus\u00e4tzliche Informationen erhalten oder eine formelle Beschwerde einreichen m\u00f6chten, m\u00fcssen Sie uns eine schriftliche Mitteilung senden an: TURISTI\u010cKO NASELJE &#8211; LAVANDE d.o.o., Put Haludova 3, 51511 Malinska, Kroatien oder per E-Mail an <a href=\"mailto:info@malinskagreen.com\">info@malinskagreen.com<\/a><\/p>\n\n\n\n<p>Ihre Anfrage wird von einer f\u00fcr den Schutz personenbezogener Daten akkreditierten Person analysiert und innerhalb von 30 Tagen oder in \u00dcbereinstimmung mit der DSGVO und deren Artikel 37 gem\u00e4\u00df der Verordnung EU 2016\/679 des Europ\u00e4ischen Parlaments vom 27. April 2016 beantwortet.<\/p>\n\n\n\n<h3 class=\"wp-block-heading\">Fristen zur Datenspeicherung<\/h3>\n\n\n\n<p>Die vom Website-Administrator erhobenen Daten werden f\u00fcr die Verwendung durch den Administrator gem\u00e4\u00df den in dieser Datenschutzrichtlinie festgelegten Bedingungen und Zwecken gespeichert. Personenbezogene Daten werden auf der Website (als Anfragen oder Kontaktformulare) und bei weitergehender Verarbeitung und Kommunikation mit dem Nutzer in verwandten anderen Datenbanken des Unternehmens (z. B. CRM, Software zur Warenwirtschaft etc.) gespeichert.<\/p>\n\n\n\n<p>Die Fristen zur Datenspeicherung k\u00f6nnen unterschiedlich sein und k\u00f6nnen den Vorschriften spezifischer Branchengesetze unterliegen (z. B. Buchhaltung, Steuern). Unterschiedliche Branchengesetze sehen unterschiedliche Speicherfristen vor, die die Gesellschaft <strong>TURISTI\u010cKO NASELJE &#8211; LAVANDE d.o.o.<\/strong> dazu verpflichten, personenbezogene Daten nach Ablauf der Speicherfrist zu l\u00f6schen.<\/p>\n\n\n\n<p>Als Nutzer haben Sie das Recht auf die \u00dcberpr\u00fcfung und Verarbeitung Ihrer Daten durch autorisierte Verarbeiter, indem Sie eine schriftliche Anfrage an <strong>TURISTI\u010cKO NASELJE &#8211; LAVANDE d.o.o.<\/strong>, Put Haludova 3, 51511 Malinska, Kroatien, oder per E-Mail an <a href=\"mailto:info@malinskagreen.com\">info@malinskagreen.com<\/a> . Wir werden Ihre Anfrage pr\u00fcfen und in \u00dcbereinstimmung mit der DSGVO beantworten.<\/p>\n\n\n\n<h3 class=\"wp-block-heading\">Urheberrechte<\/h3>\n\n\n\n<p>Administrator dieser Website ist <strong>TURISTI\u010cKO NASELJE &#8211; LAVANDE d.o.o<\/strong>. Die auf der Website ver\u00f6ffentlichten Inhalte sind Eigentum von <strong>TURISTI\u010cKO NASELJE &#8211; LAVANDE d.o.o<\/strong>. und d\u00fcrfen nur f\u00fcr nichtkommerzielle Zwecke verwendet werden mit der Ma\u00dfgabe, dass alle urheberrechtlichen Hinweise gelten und sie nicht ver\u00e4ndert oder kopiert oder auf andere Weise reproduziert werden d\u00fcrfen<\/p>\n\n\n\n<h3 class=\"wp-block-heading\">Reservations<\/h3>\n\n\n\n<p>Die Gesellschaft<strong> TURISTI\u010cKO NASELJE &#8211; LAVANDE d.o.o<\/strong>. stellt mit gr\u00f6\u00dfter Sorgfalt zutreffende und aktuelle Informationen und Daten auf ihrer Website bereit. Sie kann jedoch nicht garantieren, dass alle Daten richtig oder vollst\u00e4ndig sind, und kann keine Verantwortung f\u00fcr Sch\u00e4den \u00fcbernehmen, die sich aus solchen Daten ergeben. <strong>TURISTI\u010cKO NASELJE &#8211; LAVANDE d.o.o<\/strong>. \u00fcbernimmt keine Verantwortung f\u00fcr Folgesch\u00e4den im Zusammenhang mit dem Inhalt der Website. <strong>TURISTI\u010cKO NASELJE &#8211; LAVANDE d.o.o<\/strong>. \u00fcbernimmt keine Verantwortung f\u00fcr Viren, die m\u00f6glicherweise von dieser Website an die Nutzer \u00fcbertragen werden, und fordert die Nutzer hiermit auf, sich angemessen vor Viren zu sch\u00fctzen, bevor sie Inhalte von dieser Website herunterladen ite.<\/p>\n\n\n\n<p><strong>TURISTI\u010cKO NASELJE &#8211; LAVANDE d.o.o<\/strong>. ist nicht verantwortlich f\u00fcr eine vor\u00fcbergehend nicht funktionsf\u00e4hige Website oder unzutreffende Informationen auf der Website und haftet nicht f\u00fcr Sch\u00e4den, die durch die Verwendung unvollst\u00e4ndiger oder unzutreffender Informationen entstehen.<\/p>\n\n\n\n<p>Weder <strong>TURISTI\u010cKO NASELJE &#8211; LAVANDE d.o.o<\/strong>.&nbsp; noch andere nat\u00fcrliche oder juristische Personen, die an der Entwicklung dieser Website beteiligt sind, sind verantwortlich oder haftbar f\u00fcr Sch\u00e4den, die sich aus dem Zugriff auf oder der Nutzung der Informationen auf der Website oder aus der Unf\u00e4higkeit ergeben, die Informationen von dieser Website zu nutzen, oder f\u00fcr unzutreffende oder unvollst\u00e4ndige Inhalte auf der Website.<\/p>\n\n\n\n<p>Wir behalten uns das Recht vor, die Nutzer auf andere Websites im World Wide Web weiterzuleiten, und sind f\u00fcr den Inhalt dieser Websites weder verantwortlich noch haftbar.<\/p>\n\n\n\n<h3 class=\"wp-block-heading\">\u00c4nderungen der Datenschutzrichtlinie<\/h3>\n\n\n\n<p>Der Administrator beh\u00e4lt sich das Recht vor, die Datenschutzbestimmungen f\u00fcr die Nutzer der Website jederzeit und ohne vorherige Ank\u00fcndigung zu \u00e4ndern oder zu erg\u00e4nzen. Wir empfehlen den Nutzern, das letzte Datum der Allgemeinen Nutzungsbedingungen und ihrer \u00c4nderungen zu \u00fcberpr\u00fcfen, bevor sie die Website nutzen.<\/p>\n\n\n\n<h3 class=\"wp-block-heading\">G\u00fcltigkeit<\/h3>\n\n\n\n<p>Die Datenschutzrichtlinie auf dieser Website ist seit dem 1. Januar 2024 in Kraft und kann jederzeit ge\u00e4ndert oder erg\u00e4nzt werden.<\/p>\n","protected":false},"excerpt":{"rendered":"<p>Die Gesellschaft TURISTI\u010cKO NASELJE &#8211; LAVANDE d.o.o. respektiert Ihre Privatsph\u00e4re und verpflichtet sich, pers\u00f6nliche Daten zu sch\u00fctzen, die sie \u00fcber ihr Online-Informationssystem erh\u00e4lt; sie wird diese Daten ohne Ihre Zustimmung nicht an Dritte weitergeben oder f\u00fcr andere Zwecke verwenden. In unserem Online-Informationssystem werden bestimmte Links zu externen Websites bereitgestellt, die nicht direkt mit unserem Unternehmen [&hellip;]<\/p>\n","protected":false},"author":1,"featured_media":0,"parent":0,"menu_order":0,"comment_status":"closed","ping_status":"open","template":"","meta":{"_acf_changed":false,"footnotes":""},"class_list":["post-4279","page","type-page","status-publish","hentry"],"acf":[],"_links":{"self":[{"href":"https:\/\/malinskagreen.com\/de\/wp-json\/wp\/v2\/pages\/4279","targetHints":{"allow":["GET"]}}],"collection":[{"href":"https:\/\/malinskagreen.com\/de\/wp-json\/wp\/v2\/pages"}],"about":[{"href":"https:\/\/malinskagreen.com\/de\/wp-json\/wp\/v2\/types\/page"}],"author":[{"embeddable":true,"href":"https:\/\/malinskagreen.com\/de\/wp-json\/wp\/v2\/users\/1"}],"replies":[{"embeddable":true,"href":"https:\/\/malinskagreen.com\/de\/wp-json\/wp\/v2\/comments?post=4279"}],"version-history":[{"count":0,"href":"https:\/\/malinskagreen.com\/de\/wp-json\/wp\/v2\/pages\/4279\/revisions"}],"wp:attachment":[{"href":"https:\/\/malinskagreen.com\/de\/wp-json\/wp\/v2\/media?parent=4279"}],"curies":[{"name":"wp","href":"https:\/\/api.w.org\/{rel}","templated":true}]}}