{"id":4273,"date":"2023-11-24T11:54:30","date_gmt":"2023-11-24T10:54:30","guid":{"rendered":"https:\/\/malinskagreen.com\/legal-information\/"},"modified":"2025-05-06T20:34:31","modified_gmt":"2025-05-06T18:34:31","slug":"rechtsinformation","status":"publish","type":"page","link":"https:\/\/malinskagreen.com\/de\/rechtsinformation\/","title":{"rendered":"Rechtsinformation"},"content":{"rendered":"\n<p class=\"has-text-align-left\"><strong>APARTMANSKO NASELJE &#8211; LAVANDE d.o.o.<\/strong><br>VAT(UID-Nr.): 37295834533<br>Matrikelnummer:&nbsp;01453106<\/p>\n\n\n\n<p class=\"has-text-align-left\"><strong>Bankverbindung:<\/strong><br>ZAGREBA\u010cKA BANKA d.d.<br>IBAN: HR26 2360 0001 1029 8408 9<\/p>\n\n\n\n<p class=\"has-text-align-left\"><strong>Hauptsitz:<\/strong><br>Put Haludova 3, 51511 Malinska, Kroatien<\/p>\n\n\n\n<p class=\"has-text-align-left\"><strong>Mitglieder des Vorstands und Direktoren:<\/strong> Klara \u0110urkin, Maja \u0110urkin Me\u0111imurec, Ivan \u0110urkin<br>Stammkapital der Gesellschaft und Auskunft \u00fcber die vollst\u00e4ndige Einzahlung des Stammkapitals: 2.650 \u20ac<\/p>\n\n\n\n<p class=\"has-text-align-left\">APARTMANSKO NASELJE &#8211; LAVANDE d.o.o. (Gesellschaft mit beschr\u00e4nkter Haftung), eingetragen im Register des Handelsgerichts in Rijeka.<\/p>\n\n\n\n<p class=\"has-text-align-left\"><strong>Urheberrechtsinhaber der auf der Website verwendeten Fotos:<\/strong>&nbsp;TZO Malinska-Duba\u0161nica, Denis Hren, Luka Tabako, Fran Karabai\u0107, Otokar Crnali\u0107, Ivan Vranji\u0107, Hrvoje Sar\u0161on<\/p>\n","protected":false},"excerpt":{"rendered":"<p>APARTMANSKO NASELJE &#8211; LAVANDE d.o.o.VAT(UID-Nr.): 37295834533Matrikelnummer:&nbsp;01453106 Bankverbindung:ZAGREBA\u010cKA BANKA d.d.IBAN: HR26 2360 0001 1029 8408 9 Hauptsitz:Put Haludova 3, 51511 Malinska, Kroatien Mitglieder des Vorstands und Direktoren: Klara \u0110urkin, Maja \u0110urkin Me\u0111imurec, Ivan \u0110urkinStammkapital der Gesellschaft und Auskunft \u00fcber die vollst\u00e4ndige Einzahlung des Stammkapitals: 2.650 \u20ac APARTMANSKO NASELJE &#8211; LAVANDE d.o.o. (Gesellschaft mit beschr\u00e4nkter Haftung), eingetragen [&hellip;]<\/p>\n","protected":false},"author":1,"featured_media":0,"parent":0,"menu_order":0,"comment_status":"closed","ping_status":"closed","template":"","meta":{"_acf_changed":false,"footnotes":""},"class_list":["post-4273","page","type-page","status-publish","hentry"],"acf":[],"_links":{"self":[{"href":"https:\/\/malinskagreen.com\/de\/wp-json\/wp\/v2\/pages\/4273","targetHints":{"allow":["GET"]}}],"collection":[{"href":"https:\/\/malinskagreen.com\/de\/wp-json\/wp\/v2\/pages"}],"about":[{"href":"https:\/\/malinskagreen.com\/de\/wp-json\/wp\/v2\/types\/page"}],"author":[{"embeddable":true,"href":"https:\/\/malinskagreen.com\/de\/wp-json\/wp\/v2\/users\/1"}],"replies":[{"embeddable":true,"href":"https:\/\/malinskagreen.com\/de\/wp-json\/wp\/v2\/comments?post=4273"}],"version-history":[{"count":0,"href":"https:\/\/malinskagreen.com\/de\/wp-json\/wp\/v2\/pages\/4273\/revisions"}],"wp:attachment":[{"href":"https:\/\/malinskagreen.com\/de\/wp-json\/wp\/v2\/media?parent=4273"}],"curies":[{"name":"wp","href":"https:\/\/api.w.org\/{rel}","templated":true}]}}