{"id":4267,"date":"2023-11-24T11:54:59","date_gmt":"2023-11-24T10:54:59","guid":{"rendered":"https:\/\/malinskagreen.com\/credit-card-payment-security\/"},"modified":"2024-03-19T12:46:34","modified_gmt":"2024-03-19T11:46:34","slug":"sicherheit-bei-kreditkartenzahlung","status":"publish","type":"page","link":"https:\/\/malinskagreen.com\/de\/sicherheit-bei-kreditkartenzahlung\/","title":{"rendered":"Sicherheit bei Kreditkartenzahlung"},"content":{"rendered":"\n<p>Der Schutz Ihrer Daten wird durch die Verwendung einer SSL-Verschl\u00fcsselung gew\u00e4hrleistet. Websites f\u00fcr Online-Zahlung werden mit dem Secure Socket Layer (SSL)-Protokoll mit 128-Bit-Datenverschl\u00fcsselung gesichert. SSL-Verschl\u00fcsselung ist ein Verschl\u00fcsselungsprotokoll, um unbefugten Zugriff w\u00e4hrend der Daten\u00fcbertragung zu verhindern.<\/p>\n\n\n\n<p>Dies erm\u00f6glicht die sichere \u00dcbertragung von Informationen und verhindert den unbefugten Zugriff auf Daten w\u00e4hrend der Kommunikation zwischen dem Computer des Nutzers und dem WebPay-Service und umgekehrt.<\/p>\n\n\n\n<p>Der WebPay-Service und Finanzinstitute tauschen Daten \u00fcber ein virtuelles privates Netzwerk (VPN) aus, das vor unbefugtem Zugriff gesch\u00fctzt ist.<\/p>\n\n\n\n<p>Monri Payment Gateway ist nach dem Sicherheitsstandard PCI DSS Level 1 gem\u00e4\u00df Visa- und Mastercard-Regeln zertifiziert.<\/p>\n\n\n\n<p>Kreditkartennummern werden vom H\u00e4ndler nicht gespeichert und sind f\u00fcr Unbefugte nicht zug\u00e4nglich.<\/p>\n\n\n\n<h3 class=\"wp-block-heading\">Erkl\u00e4rung zum Schutz und zur Erhebung personenbezogener Daten<\/h3>\n\n\n\n<p>Wir verpflichten uns, die personenbezogenen Daten von Kunden zu sch\u00fctzen, indem wir nur die notwendigen, grundlegenden Informationen \u00fcber Kunden \/ Nutzer erheben, die zur Erf\u00fcllung unserer Verpflichtungen erforderlich sind; dar\u00fcber hinaus informieren wir Kunden \u00fcber die Verwendung der erhobenen Daten und geben ihnen regelm\u00e4\u00dfig die M\u00f6glichkeit, \u00fcber die Verwendung ihrer Daten zu entscheiden, etwa ob ihr Name aus den Listen entfernt werden soll, die f\u00fcr Marketingkampagnen verwendet werden.<\/p>\n\n\n\n<p>Alle Nutzerdaten werden streng aufbewahrt und sind nur Mitarbeitern zug\u00e4nglich, die diese Daten zur Erf\u00fcllung ihrer Aufgaben ben\u00f6tigen. Alle unsere Mitarbeiter und Gesch\u00e4ftspartner sind verpflichtet, die Datenschutzbestimmungen einzuhalten.<\/p>\n\n\n\n<h3 class=\"wp-block-heading\">Zahlungsarten und -bedingungen<\/h3>\n\n\n\n<p><strong>Bedingungen f\u00fcr den Verkauf von Waren und Dienstleistungen<\/strong><\/p>\n\n\n\n<p>Diese Bedingungen bestimmen das Verfahren f\u00fcr die Bestellung, Zahlung, Lieferung und Reklamation von Produkten, die auf der Website <a href=\"https:\/\/malinskagreen.com\/\">www.malinskagreen.com<\/a> angeboten werden. Diese Website kann f\u00fcr Ihren privaten Gebrauch ohne Nutzungsgeb\u00fchren und gem\u00e4\u00df den nachfolgenden Bedingungen genutzt werden.<\/p>\n\n\n\n<p>Der Verk\u00e4ufer ist die Gesellschaft <strong>TURISTI\u010cKO NASELJE &#8211; LAVANDE d.o.o.<\/strong>, und der Kunde ist ein Besucher dieser Website, der eine elektronische Bestellung ausf\u00fcllt, diese an den Verk\u00e4ufer sendet und per Kreditkarte oder Nachnahme bezahlt.<\/p>\n\n\n\n<p><strong>Bestellung<\/strong><\/p>\n\n\n\n<p>Der Kunde bestellt das Produkt oder die Produkte \u00fcber ein elektronisches Bestellformular.<\/p>\n\n\n\n<p>Als Kunde gilt jede Person, die mindestens ein Produkt elektronisch bestellt, die erforderlichen Angaben macht und die Bestellung absendet.<\/p>\n\n\n\n<p>Waren werden elektronisch bestellt, indem auf ein bestimmtes Produkt geklickt und dieses in den Warenkorb gelegt wird. Waren gelten in dem Moment als bestellt, in dem der Kunde die Zahlungsart ausw\u00e4hlt und best\u00e4tigt.<\/p>\n\n\n\n<p><strong>Zahlung<\/strong><\/p>\n\n\n\n<p>Bestellte Produkte oder Dienstleistungen werden online mit einer der folgenden Kreditkarten bezahlt: Mastercard, Maestro oder Visa.<\/p>\n\n\n\n<p><strong>Lieferung<\/strong><\/p>\n\n\n\n<p>Bestellte Produkte werden so verpackt, dass sie bei normaler Handhabung nicht besch\u00e4digt werden. Der Kunde ist verpflichtet, bei \u00dcbernahme den Zustand der Sendung zu pr\u00fcfen und im Schadensfall die Ware unverz\u00fcglich beim Zusteller (Mitarbeiter des Lieferdienstes) zu reklamieren. Der Verk\u00e4ufer lehnt jede Haftung f\u00fcr Sch\u00e4den ab, die w\u00e4hrend der Lieferung auftreten k\u00f6nnen.<\/p>\n\n\n\n<p>Wenn der Kunde die Ware oder die Versandanzeige nicht innerhalb der vorgesehenen Zeit erh\u00e4lt, hat der Kunde das Recht, den Verk\u00e4ufer dar\u00fcber zu informieren, damit dieser Ma\u00dfnahmen ergreifen kann, um die Sendung zu finden oder eine Ersatzlieferung zu versenden.<\/p>\n\n\n\n<p>Lehnt der Kunde die Annahme der beim Verk\u00e4ufer bestellten Ware ab, ist der Verk\u00e4ufer berechtigt, vom Kunden Ersatz aller mit der Lieferung verbundenen Kosten zu verlangen.<\/p>\n\n\n\n<p>Der Verk\u00e4ufer verpflichtet sich, die Lieferung an den K\u00e4ufer zu senden, sobald er die Best\u00e4tigung der get\u00e4tigten Online-Transaktion erh\u00e4lt. Nach Erhalt dieser Best\u00e4tigung verpflichtet sich der Verk\u00e4ufer, die Lieferung binnen 5 (f\u00fcnf) Werktagen zu versenden.<\/p>\n\n\n\n<p>Nachdem der Kurierdienst (der Lieferdienst) die Sendung vom Verk\u00e4ufer erhalten hat, ist der Verk\u00e4ufer nicht mehr verantwortlich f\u00fcr den weiteren Verlauf der Lieferung sowie f\u00fcr etwaige Verz\u00f6gerungen und Probleme, die im Zusammenhang mit der weiteren Bearbeitung und Lieferung der Ware auftreten.<\/p>\n\n\n\n<p>Entscheidet sich der Kunde anstelle der Lieferung f\u00fcr den Download des Produkts, verpflichtet sich der Verk\u00e4ufer, dem Kunden eine Benachrichtigung ausschlie\u00dflich in Form einer E-Mail zuzusenden, die Download-Links und Anweisungen enth\u00e4lt. Nach Erhalt der E-Mail (Download-Benachrichtigung) kann der Kunde das Produkt sofort herunterladen.<\/p>\n\n\n\n<h3 class=\"wp-block-heading\">Beschwerden<\/h3>\n\n\n\n<p>Der Verk\u00e4ufer verpflichtet sich, ein technisch einwandfreies Produkt zu liefern, das der Beschreibung des auf der Website <a href=\"https:\/\/malinskagreen.com\/\">www.malinskagreen.com<\/a> aufgef\u00fchrten Produkts entspricht. Das Produktbild auf der Website muss nicht dem tats\u00e4chlichen Erscheinungsbild des Produkts entsprechen; der Kunde kann diese Eigenschaft nicht reklamieren.<\/p>\n\n\n\n<p>Im Falle einer technischen St\u00f6rung der auf dem Audiosender gespeicherten Audioaufnahmen \u00fcbernimmt der Verk\u00e4ufer die volle Verantwortung. Im Falle einer technischen St\u00f6rung ist der Kunde verpflichtet, das Produkt innerhalb von 4 (vier) Werktagen zu reklamieren. Nach Reklamation der technischen St\u00f6rung ist der Kunde verpflichtet, die technisch gest\u00f6rte Tonaufnahme zusammen mit der Rechnung per Post zur\u00fcckzusenden, woraufhin der Verk\u00e4ufer dem Kunden binnen 3 (drei) Werktagen kostenlos ein Ersatzprodukt zusenden wird. In diesem Fall hat der Kunde keinen Anspruch auf R\u00fcckerstattung, sondern nur auf Ersatz.<\/p>\n\n\n\n<p>Der Verk\u00e4ufer haftet nicht f\u00fcr Sch\u00e4den und andere Verpflichtungen, die im Bereich des Kurierdienstes (des Unternehmens, das f\u00fcr die Lieferung der Produkte zust\u00e4ndig ist) liegen.<\/p>\n\n\n\n<p>W\u00e4hlt der Kunde die Download-Option und kann der Download aufgrund technischer Probleme auf dem Server des Verk\u00e4ufers nicht erfolgen, verpflichtet sich der Verk\u00e4ufer, eine E-Mail mit einer neuen Download-Option zu versenden, wof\u00fcr dem Kunden keine Kosten entstehen.<\/p>\n\n\n\n<p>Kann der Kunde aufgrund technischer Probleme auf dem Server des Verk\u00e4ufers nach einer erneuten Download-Option nicht herunterladen, ist der Kunde verpflichtet, sich an den Kundendienst des Verk\u00e4ufers zu wenden, der eine ad\u00e4quate L\u00f6sung anbieten wird, die keine Geb\u00fchren und weiteren Kosten f\u00fcr den Kunden beinhaltet. Der Kunde hat in diesem Fall keinen Anspruch auf R\u00fcckerstattung.<\/p>\n\n\n\n<p>Falls der Kunde das Produkt nicht herunterladen kann und die technischen Probleme nicht auf den Verk\u00e4ufer zur\u00fcckzuf\u00fchren sind, sondern vom Kunden, Betreiber oder Dritten verursacht werden, tr\u00e4gt der Verk\u00e4ufer keine Verantwortung und ist nicht verpflichtet, dem K\u00e4ufer das Herunterladen oder die Lieferung von Waren kostenlos zu gestatten.<\/p>\n\n\n\n<p>Der Kunde ist verpflichtet, das Produkt innerhalb von 5 (f\u00fcnf) Werktagen herunterzuladen; danach kann er das Produkt nicht mehr herunterladen, auch wenn er die Zahlung bereits geleistet hat. In diesem Fall verzichtet der Kunde auf jede Reklamation.<\/p>\n\n\n\n<h3 class=\"wp-block-heading\">Urheberrechtsschutz<\/h3>\n\n\n\n<p>Alle Rechte des Herausgebers und des Programminhabers am aufgenommenen und gedruckten Werk sind vorbehalten. Herausgeber ist die Gesellschaft <strong>TURISTI\u010cKO NASELJE &#8211; LAVANDE d.o.o.<\/strong> Der Kunde verpflichtet sich, die Produkte des Verk\u00e4ufers oder Teile dieser Produkte nicht unbefugt zu vervielf\u00e4ltigen, aufzuf\u00fchren, f\u00fcr die Sendung zu verwenden und zu verkaufen.<\/p>\n\n\n\n<h3 class=\"wp-block-heading\">Allgemein<\/h3>\n\n\n\n<p><strong>TURISTI\u010cKO NASELJE &#8211; LAVANDE d.o.o.<\/strong> beh\u00e4lt sich das Recht vor, diese Allgemeinen Gesch\u00e4ftsbedingungen zu \u00e4ndern. Alle \u00c4nderungen gelten f\u00fcr die Nutzung der Website <a href=\"https:\/\/malinskagreen.com\/\">www.malinskagreen.com<\/a> Der Kunde ist f\u00fcr die Richtigkeit und Vollst\u00e4ndigkeit der beim Kauf eingegebenen Daten verantwortlich.<\/p>\n\n\n\n<p>Die vom Online-Shop www.malinskagreen.com angebotenen Dienstleistungen beinhalten nicht die Kosten, die Ihnen durch die Verwendung von Computerausr\u00fcstung und Diensten f\u00fcr den Zugriff auf unsere Website entstehen. <strong>TURISTI\u010cKO NASELJE &#8211; LAVANDE d.o.o.<\/strong> ist nicht verantwortlich f\u00fcr Telefonkosten, Internetverkehr oder andere Kosten, die m\u00f6glicherweise entstehen.<\/p>\n\n\n\n<p>Obwohl <strong>TURISTI\u010cKO NASELJE &#8211; LAVANDE d.o.o.<\/strong> bestrebt ist, das bestm\u00f6gliche Angebot an Dienstleistungen zu bieten, kann <strong>TURISTI\u010cKO NASELJE &#8211; LAVANDE d.o.o.<\/strong> nicht garantieren, dass die Dienstleistungen auf www.malinskagreen.com Ihren Bed\u00fcrfnissen entsprechen.<\/p>\n\n\n\n<p><strong>TURISTI\u010cKO NASELJE &#8211; LAVANDE d.o.o.<\/strong> kann nicht garantieren, dass der Service fehlerfrei ist. Wenn ein Fehler auftritt, melden Sie ihn bitte unserem Contact Center oder senden Sie eine E-Mail an <a href=\"mailto:info@malinskagreen.com\">info@malinskagreen.com<\/a> , um den Fehler so schnell wie m\u00f6glich zu beheben.<\/p>\n\n\n\n<p>Erkl\u00e4rung zur W\u00e4hrungsumrechnung Alle Zahlungen erfolgen in EUR. Der Betrag, mit dem Ihr Kreditkartenkonto belastet wird, wird zum Wechselkurs der Gesellschaft in Ihre Landesw\u00e4hrung umgerechnet.<\/p>\n","protected":false},"excerpt":{"rendered":"<p>Der Schutz Ihrer Daten wird durch die Verwendung einer SSL-Verschl\u00fcsselung gew\u00e4hrleistet. Websites f\u00fcr Online-Zahlung werden mit dem Secure Socket Layer (SSL)-Protokoll mit 128-Bit-Datenverschl\u00fcsselung gesichert. SSL-Verschl\u00fcsselung ist ein Verschl\u00fcsselungsprotokoll, um unbefugten Zugriff w\u00e4hrend der Daten\u00fcbertragung zu verhindern. Dies erm\u00f6glicht die sichere \u00dcbertragung von Informationen und verhindert den unbefugten Zugriff auf Daten w\u00e4hrend der Kommunikation zwischen dem [&hellip;]<\/p>\n","protected":false},"author":1,"featured_media":0,"parent":0,"menu_order":0,"comment_status":"closed","ping_status":"closed","template":"","meta":{"_acf_changed":false,"footnotes":""},"class_list":["post-4267","page","type-page","status-publish","hentry"],"acf":[],"_links":{"self":[{"href":"https:\/\/malinskagreen.com\/de\/wp-json\/wp\/v2\/pages\/4267","targetHints":{"allow":["GET"]}}],"collection":[{"href":"https:\/\/malinskagreen.com\/de\/wp-json\/wp\/v2\/pages"}],"about":[{"href":"https:\/\/malinskagreen.com\/de\/wp-json\/wp\/v2\/types\/page"}],"author":[{"embeddable":true,"href":"https:\/\/malinskagreen.com\/de\/wp-json\/wp\/v2\/users\/1"}],"replies":[{"embeddable":true,"href":"https:\/\/malinskagreen.com\/de\/wp-json\/wp\/v2\/comments?post=4267"}],"version-history":[{"count":0,"href":"https:\/\/malinskagreen.com\/de\/wp-json\/wp\/v2\/pages\/4267\/revisions"}],"wp:attachment":[{"href":"https:\/\/malinskagreen.com\/de\/wp-json\/wp\/v2\/media?parent=4267"}],"curies":[{"name":"wp","href":"https:\/\/api.w.org\/{rel}","templated":true}]}}